{"id":61,"date":"2020-09-16T05:16:09","date_gmt":"2020-09-16T05:16:09","guid":{"rendered":"https:\/\/nursebridgeusa.com\/index.php\/home\/"},"modified":"2025-01-27T22:15:50","modified_gmt":"2025-01-27T21:15:50","slug":"home","status":"publish","type":"page","link":"https:\/\/nursebridgeusa.com\/en\/","title":{"rendered":"HOME"},"content":{"rendered":"<div class=\"wp-block-uagb-container uagb-block-474c825a alignfull uagb-is-root-container\"><div class=\"uagb-container-inner-blocks-wrap\"><div class=\"wp-block-uagb-container uagb-block-266ec093\"><div class=\"wp-block-uagb-image uagb-block-8f95d461 wp-block-uagb-image--layout-default wp-block-uagb-image--effect-static wp-block-uagb-image--align-none\"><figure class=\"wp-block-uagb-image__figure\"><img decoding=\"async\" srcset=\"https:\/\/nursebridgeusa.com\/wp-content\/uploads\/2024\/04\/NBU-Nursebridgeusa-LOGO-Blanco-e1713990300999-1024x653.png ,https:\/\/nursebridgeusa.com\/wp-content\/uploads\/2024\/04\/NBU-Nursebridgeusa-LOGO-Blanco-e1713990300999.png 780w, https:\/\/nursebridgeusa.com\/wp-content\/uploads\/2024\/04\/NBU-Nursebridgeusa-LOGO-Blanco-e1713990300999.png 360w\" sizes=\"(max-width: 480px) 150px\" src=\"https:\/\/nursebridgeusa.com\/wp-content\/uploads\/2024\/04\/NBU-Nursebridgeusa-LOGO-Blanco-e1713990300999-1024x653.png\" alt=\"\" class=\"uag-image-2834\" width=\"515\" height=\"203\" title=\"NBU Nursebridgeusa LOGO Blanco\" loading=\"lazy\" role=\"img\"\/><\/figure><\/div>\n\n<div class=\"wp-block-uagb-advanced-heading uagb-block-a2d307d3\"><h1 class=\"uagb-heading-text\"><br><\/h1><p class=\"uagb-desc-text\">Certify your nursing degree and open the doors to work and permanent residence in the United States. With average salaries of more than $5,000 per month, this is your opportunity to take your career to the next level.<\/p><\/div>\n\n<div class=\"wp-block-uagb-buttons uagb-buttons__outer-wrap uagb-btn__default-btn uagb-btn-tablet__default-btn uagb-btn-mobile__default-btn uagb-block-bcf43b09\"><div class=\"uagb-buttons__wrap uagb-buttons-layout-wrap\"><div class=\"wp-block-uagb-buttons-child uagb-buttons__outer-wrap uagb-block-a5bb63f5 wp-block-button\"><div class=\"uagb-button__wrapper\"><a class=\"uagb-buttons-repeater wp-block-button__link\" aria-label=\"\" href=\"https:\/\/api.whatsapp.com\/send\/?phone=19414027252&amp;text=Hola%2C+deseo+recibir+m%C3%A1s+informaci%C3%B3n.&amp;type=phone_number&amp;app_absent=0\" rel=\"follow noopener\" target=\"_self\" role=\"button\"><div class=\"uagb-button__link\">FREE ADVICE<\/div><\/a><\/div><\/div><\/div><\/div><\/div><\/div><\/div><div class=\"wp-block-uagb-container uagb-block-a33cbb06 alignfull uagb-is-root-container\"><div class=\"uagb-container-inner-blocks-wrap\"><div class=\"wp-block-uagb-container uagb-block-338fb99b\"><div class=\"wp-block-uagb-container uagb-block-ebdba6fa\"><\/div>\n\n<div class=\"wp-block-uagb-container uagb-block-868990c7\"><\/div>\n\n<div class=\"wp-block-uagb-container uagb-block-47df2855\"><\/div>\n\n<div class=\"wp-block-uagb-container uagb-block-3cdfe9d6\"><\/div>\n\n<div class=\"wp-block-uagb-container uagb-block-d981f26e\"><\/div><\/div>\n\n<div class=\"wp-block-uagb-container uagb-block-73597bb1\"><div data-aos= \"flip-left\" data-aos-duration=\"400\" data-aos-delay=\"0\" data-aos-easing=\"ease\" data-aos-once=\"true\" class=\"wp-block-uagb-container uagb-block-9dc2bc5c\"><div class=\"wp-block-uagb-info-box uagb-block-bed49d49 uagb-infobox__content-wrap  uagb-infobox-icon-above-title uagb-infobox-image-valign-top\"><div class=\"uagb-ifb-content\"><div class=\"uagb-ifb-icon-wrap\"><svg xmlns=\"https:\/\/www.w3.org\/2000\/svg\" viewbox=\"0 0 512 512\"><path d=\"M0 256C0 114.6 114.6 0 256 0C397.4 0 512 114.6 512 256C512 397.4 397.4 512 256 512C114.6 512 0 397.4 0 256zM371.8 211.8C382.7 200.9 382.7 183.1 371.8 172.2C360.9 161.3 343.1 161.3 332.2 172.2L224 280.4L179.8 236.2C168.9 225.3 151.1 225.3 140.2 236.2C129.3 247.1 129.3 264.9 140.2 275.8L204.2 339.8C215.1 350.7 232.9 350.7 243.8 339.8L371.8 211.8z\"><\/path><\/svg><\/div><div class=\"uagb-ifb-title-wrap\"><h3 class=\"uagb-ifb-title-prefix\">Execute a plan<\/h3><h4 class=\"uagb-ifb-title\">With our proven plan, you'll be aware of the step-by-step process. People like you have followed it successfully. You can count on our support at every stage of the process<\/h4><\/div><\/div><\/div><\/div>\n\n<div data-aos= \"flip-left\" data-aos-duration=\"400\" data-aos-delay=\"0\" data-aos-easing=\"ease\" data-aos-once=\"true\" class=\"wp-block-uagb-container uagb-block-881dd728\"><div class=\"wp-block-uagb-info-box uagb-block-ee3d6ab4 uagb-infobox__content-wrap  uagb-infobox-icon-above-title uagb-infobox-image-valign-top\"><div class=\"uagb-ifb-content\"><div class=\"uagb-ifb-icon-wrap\"><svg xmlns=\"https:\/\/www.w3.org\/2000\/svg\" viewbox=\"0 0 512 512\"><path d=\"M0 256C0 114.6 114.6 0 256 0C397.4 0 512 114.6 512 256C512 397.4 397.4 512 256 512C114.6 512 0 397.4 0 256zM371.8 211.8C382.7 200.9 382.7 183.1 371.8 172.2C360.9 161.3 343.1 161.3 332.2 172.2L224 280.4L179.8 236.2C168.9 225.3 151.1 225.3 140.2 236.2C129.3 247.1 129.3 264.9 140.2 275.8L204.2 339.8C215.1 350.7 232.9 350.7 243.8 339.8L371.8 211.8z\"><\/path><\/svg><\/div><div class=\"uagb-ifb-title-wrap\"><h3 class=\"uagb-ifb-title-prefix\"><strong>Permanent residence<\/strong><\/h3><h4 class=\"uagb-ifb-title\"><strong><br><\/strong>Depending on your experience and field of work, most employers and\/or sponsors offer 12-hour shifts for 3 days a week, vacations, reduced workload with a number of patients of 4 to 6 per professional, and the option of working overtime.<br>The residency benefit extends to the applicant and his\/her family (spouse and children under 21 years of age). Among other benefits, they are given the opportunity to study more than 100 nursing specialties sponsored by the employer, as well as health insurance and a pension savings plan.<strong><br><\/strong><\/h4><\/div><p class=\"uagb-ifb-desc\"><br><\/p><\/div><\/div><\/div>\n\n<div data-aos= \"flip-left\" data-aos-duration=\"400\" data-aos-delay=\"0\" data-aos-easing=\"ease\" data-aos-once=\"true\" class=\"wp-block-uagb-container uagb-block-af078699\"><div class=\"wp-block-uagb-info-box uagb-block-a2d6f3ee uagb-infobox__content-wrap  uagb-infobox-icon-above-title uagb-infobox-image-valign-top\"><div class=\"uagb-ifb-content\"><div class=\"uagb-ifb-icon-wrap\"><svg xmlns=\"https:\/\/www.w3.org\/2000\/svg\" viewbox=\"0 0 512 512\"><path d=\"M0 256C0 114.6 114.6 0 256 0C397.4 0 512 114.6 512 256C512 397.4 397.4 512 256 512C114.6 512 0 397.4 0 256zM371.8 211.8C382.7 200.9 382.7 183.1 371.8 172.2C360.9 161.3 343.1 161.3 332.2 172.2L224 280.4L179.8 236.2C168.9 225.3 151.1 225.3 140.2 236.2C129.3 247.1 129.3 264.9 140.2 275.8L204.2 339.8C215.1 350.7 232.9 350.7 243.8 339.8L371.8 211.8z\"><\/path><\/svg><\/div><div class=\"uagb-ifb-title-wrap\"><h3 class=\"uagb-ifb-title-prefix\"><strong><strong>EXAM NCLEX-RN<\/strong><\/strong><\/h3><h4 class=\"uagb-ifb-title\"><strong><br><strong>You will explore with us the most advanced techniques and highly effective strategies designed to succeed on the NCLEX-RN exams, covering both aspects related to nursing and those linked to English proficiency.<br><\/strong><\/strong><\/h4><\/div><p class=\"uagb-ifb-desc\"><br><\/p><\/div><\/div><\/div><\/div>\n\n<div class=\"wp-block-uagb-container uagb-block-8cb595ac\"><p><\/p>\n\n<div class=\"wp-block-columns is-layout-flex wp-container-core-columns-is-layout-1 wp-block-columns-is-layout-flex\"><div class=\"wp-block-column is-layout-flow wp-block-column-is-layout-flow\"><\/div>\n\n<div class=\"wp-block-column is-layout-flow wp-block-column-is-layout-flow\"><div class=\"wp-block-uagb-advanced-heading uagb-block-405416e4\"><h2 class=\"uagb-heading-text\">Testimonials<\/h2><\/div><\/div>\n\n<div class=\"wp-block-column is-layout-flow wp-block-column-is-layout-flow\"><\/div><\/div>\n\n<div class=\"wp-block-columns is-layout-flex wp-container-core-columns-is-layout-3 wp-block-columns-is-layout-flex\"><div class=\"wp-block-column is-layout-flow wp-block-column-is-layout-flow\" style=\"flex-basis:100%\"><div class=\"wp-block-columns is-layout-flex wp-container-core-columns-is-layout-2 wp-block-columns-is-layout-flex\"><div class=\"wp-block-column is-layout-flow wp-block-column-is-layout-flow\"><figure class=\"wp-block-video\"><video controls src=\"https:\/\/nursebridgeusa.com\/wp-content\/uploads\/2025\/01\/WhatsApp-Video-2025-01-27-at-4.09.02-PM.mp4\"><\/video><\/figure>\n\n<h2 class=\"wp-block-heading\">MONICA GUERRERO<\/h2><\/div>\n\n<div class=\"wp-block-column is-layout-flow wp-block-column-is-layout-flow\"><figure class=\"wp-block-video\"><video controls src=\"https:\/\/nursebridgeusa.com\/wp-content\/uploads\/2025\/01\/WhatsApp-Video-2025-01-27-at-3.49.45-PM.mp4\"><\/video><\/figure>\n\n<h2 class=\"wp-block-heading\">JESSY LOPEZ<\/h2><\/div><\/div><\/div><\/div><\/div><\/div><\/div><div class=\"wp-block-uagb-container uagb-block-c7496a03 alignfull uagb-is-root-container\"><div class=\"uagb-container-inner-blocks-wrap\"><div class=\"wp-block-uagb-container uagb-block-2ff64e5d\"><div class=\"wp-block-uagb-advanced-heading uagb-block-49ed457f\"><p class=\"uagb-desc-text\">Nuestra promesa de servicio en Nurse Bridge USA radica en proporcionar a profesionales de la salud y otras \u00e1reas alrededor del mundo, las herramientas necesarias para tener \u00e9xito en su incorporaci\u00f3n a la fuerza laboral de Estados Unidos, al mejor costo y en el menor tiempo.<\/p><\/div>\n\n<div class=\"wp-block-uagb-buttons uagb-buttons__outer-wrap uagb-btn__default-btn uagb-btn-tablet__default-btn uagb-btn-mobile__default-btn uagb-block-0d8a10a8\"><div class=\"uagb-buttons__wrap uagb-buttons-layout-wrap\"><div class=\"wp-block-uagb-buttons-child uagb-buttons__outer-wrap uagb-block-6e5d6ce9 wp-block-button\"><div class=\"uagb-button__wrapper\"><a class=\"uagb-buttons-repeater wp-block-button__link\" aria-label=\"\" href=\"https:\/\/api.whatsapp.com\/send\/?phone=19414027252&amp;text=Hola%2C+deseo+recibir+m%C3%A1s+informaci%C3%B3n.&amp;type=phone_number&amp;app_absent=0\" rel=\"follow noopener\" target=\"_self\" role=\"button\"><div class=\"uagb-button__link\">FREE ADVICE<\/div><\/a><\/div><\/div><\/div><\/div><\/div><\/div><\/div><p><\/p>","protected":false},"excerpt":{"rendered":"<p>Certifica tu carrera en enfermer\u00eda y abre las puertas a trabajo y residencia permanente en Estados Unidos. Con salarios promedio superiores a los 5 mil d\u00f3lares mensuales, esta es tu oportunidad de llevar tu carrera al siguiente nivel. Testimonios MONICA GUERRERO JESSY LOPEZ Nuestra promesa de servicio en Nurse Bridge USA radica en proporcionar a [&hellip;]<\/p>","protected":false},"author":1,"featured_media":0,"parent":0,"menu_order":0,"comment_status":"closed","ping_status":"closed","template":"","meta":{"_uag_custom_page_level_css":"","site-sidebar-layout":"no-sidebar","site-content-layout":"plain-container","ast-site-content-layout":"full-width-container","site-content-style":"unboxed","site-sidebar-style":"default","ast-global-header-display":"","ast-banner-title-visibility":"","ast-main-header-display":"","ast-hfb-above-header-display":"","ast-hfb-below-header-display":"","ast-hfb-mobile-header-display":"","site-post-title":"disabled","ast-breadcrumbs-content":"","ast-featured-img":"","footer-sml-layout":"","ast-disable-related-posts":"","theme-transparent-header-meta":"enabled","adv-header-id-meta":"","stick-header-meta":"","header-above-stick-meta":"","header-main-stick-meta":"","header-below-stick-meta":"","astra-migrate-meta-layouts":"set","ast-page-background-enabled":"default","ast-page-background-meta":{"desktop":{"background-color":"","background-image":"","background-repeat":"repeat","background-position":"center center","background-size":"auto","background-attachment":"scroll","background-type":"","background-media":"","overlay-type":"","overlay-color":"","overlay-opacity":"","overlay-gradient":""},"tablet":{"background-color":"","background-image":"","background-repeat":"repeat","background-position":"center center","background-size":"auto","background-attachment":"scroll","background-type":"","background-media":"","overlay-type":"","overlay-color":"","overlay-opacity":"","overlay-gradient":""},"mobile":{"background-color":"","background-image":"","background-repeat":"repeat","background-position":"center center","background-size":"auto","background-attachment":"scroll","background-type":"","background-media":"","overlay-type":"","overlay-color":"","overlay-opacity":"","overlay-gradient":""}},"ast-content-background-meta":{"desktop":{"background-color":"var(--ast-global-color-5)","background-image":"","background-repeat":"repeat","background-position":"center center","background-size":"auto","background-attachment":"scroll","background-type":"","background-media":"","overlay-type":"","overlay-color":"","overlay-opacity":"","overlay-gradient":""},"tablet":{"background-color":"var(--ast-global-color-5)","background-image":"","background-repeat":"repeat","background-position":"center center","background-size":"auto","background-attachment":"scroll","background-type":"","background-media":"","overlay-type":"","overlay-color":"","overlay-opacity":"","overlay-gradient":""},"mobile":{"background-color":"var(--ast-global-color-5)","background-image":"","background-repeat":"repeat","background-position":"center center","background-size":"auto","background-attachment":"scroll","background-type":"","background-media":"","overlay-type":"","overlay-color":"","overlay-opacity":"","overlay-gradient":""}},"_joinchat":[],"footnotes":""},"class_list":["post-61","page","type-page","status-publish","hentry"],"uagb_featured_image_src":{"full":false,"thumbnail":false,"medium":false,"medium_large":false,"large":false,"1536x1536":false,"2048x2048":false,"trp-custom-language-flag":false,"woocommerce_thumbnail":false,"woocommerce_single":false,"woocommerce_gallery_thumbnail":false},"uagb_author_info":{"display_name":"nursebridgeusa","author_link":"https:\/\/nursebridgeusa.com\/en\/author\/nursebridgeusa\/"},"uagb_comment_info":0,"uagb_excerpt":"Certifica tu carrera en enfermer\u00eda y abre las puertas a trabajo y residencia permanente en Estados Unidos. Con salarios promedio superiores a los 5 mil d\u00f3lares mensuales, esta es tu oportunidad de llevar tu carrera al siguiente nivel. Testimonios MONICA GUERRERO JESSY LOPEZ Nuestra promesa de servicio en Nurse Bridge USA radica en proporcionar a&hellip;","_links":{"self":[{"href":"https:\/\/nursebridgeusa.com\/en\/wp-json\/wp\/v2\/pages\/61"}],"collection":[{"href":"https:\/\/nursebridgeusa.com\/en\/wp-json\/wp\/v2\/pages"}],"about":[{"href":"https:\/\/nursebridgeusa.com\/en\/wp-json\/wp\/v2\/types\/page"}],"author":[{"embeddable":true,"href":"https:\/\/nursebridgeusa.com\/en\/wp-json\/wp\/v2\/users\/1"}],"replies":[{"embeddable":true,"href":"https:\/\/nursebridgeusa.com\/en\/wp-json\/wp\/v2\/comments?post=61"}],"version-history":[{"count":61,"href":"https:\/\/nursebridgeusa.com\/en\/wp-json\/wp\/v2\/pages\/61\/revisions"}],"predecessor-version":[{"id":3547,"href":"https:\/\/nursebridgeusa.com\/en\/wp-json\/wp\/v2\/pages\/61\/revisions\/3547"}],"wp:attachment":[{"href":"https:\/\/nursebridgeusa.com\/en\/wp-json\/wp\/v2\/media?parent=61"}],"curies":[{"name":"wp","href":"https:\/\/api.w.org\/{rel}","templated":true}]}}