{"id":60,"date":"2020-09-16T05:16:57","date_gmt":"2020-09-16T05:16:57","guid":{"rendered":"https:\/\/nursebridgeusa.com\/index.php\/contact-us\/"},"modified":"2024-10-09T16:53:18","modified_gmt":"2024-10-09T14:53:18","slug":"contact-us","status":"publish","type":"page","link":"https:\/\/nursebridgeusa.com\/en\/contact-us\/","title":{"rendered":"CONTACT"},"content":{"rendered":"<div class=\"wp-block-uagb-container uagb-block-cb631c61 alignfull uagb-is-root-container\"><div class=\"uagb-container-inner-blocks-wrap\"><div class=\"wp-block-uagb-advanced-heading uagb-block-31fc47e1\"><\/div>\n\n<div class=\"wp-block-uagb-advanced-heading uagb-block-18fb44cb\"><\/div><\/div><\/div><div class=\"wp-block-uagb-container uagb-block-26fe55d2 alignfull uagb-is-root-container\"><div class=\"uagb-container-inner-blocks-wrap\"><div class=\"wp-block-uagb-container uagb-block-4f88594c\"><div class=\"wp-block-uagb-image uagb-block-2b07d031 wp-block-uagb-image--layout-default wp-block-uagb-image--effect-static wp-block-uagb-image--align-none\"><figure class=\"wp-block-uagb-image__figure\"><img decoding=\"async\" srcset=\"https:\/\/nursebridgeusa.com\/wp-content\/uploads\/2024\/04\/cropped-NBU-Nursebridgeusa-LOGO-1024x723.png ,https:\/\/nursebridgeusa.com\/wp-content\/uploads\/2024\/04\/cropped-NBU-Nursebridgeusa-LOGO.png 780w, https:\/\/nursebridgeusa.com\/wp-content\/uploads\/2024\/04\/cropped-NBU-Nursebridgeusa-LOGO.png 360w\" sizes=\"(max-width: 480px) 150px\" src=\"https:\/\/nursebridgeusa.com\/wp-content\/uploads\/2024\/04\/cropped-NBU-Nursebridgeusa-LOGO-1024x723.png\" alt=\"\" class=\"uag-image-2837\" width=\"1024\" height=\"723\" title=\"cropped-NBU-Nursebridgeusa-LOGO.png\" loading=\"lazy\" role=\"img\"\/><\/figure><\/div><\/div>\n\n<div class=\"wp-block-uagb-container uagb-block-6892e962\"><h2 class=\"wp-block-heading has-text-align-center\">CONTACTS<\/h2><\/div><\/div><\/div><div class=\"wp-block-uagb-container uagb-block-98b63401 alignfull uagb-is-root-container\"><div class=\"uagb-container-inner-blocks-wrap\"><div class=\"wp-block-uagb-container uagb-block-3217553a\"><div class=\"wp-block-uagb-advanced-heading uagb-block-81ae79a7\"><\/div>\n\n<div class=\"wp-block-uagb-advanced-heading uagb-block-b3edd072\"><h2 class=\"uagb-heading-text\">Write us your questions.<\/h2><p class=\"uagb-desc-text\">Please contact us if you would like more information or if you have any questions.<\/p><\/div>\n\n<p class=\"has-medium-font-size\"><strong>contacto@nursebridgeusa.com<\/strong><br>+1(941)402-7252<\/p><\/div>\n\n<div class=\"wp-block-uagb-container uagb-block-51e1eb55\"><div class=\"wp-block-uagb-forms uagb-forms__outer-wrap uagb-block-f172f3f0 uagb-forms__default-btn\"><form class=\"uagb-forms-main-form\" method=\"post\" autocomplete=\"on\" name=\"uagb-form-f172f3f0\"><div class=\"wp-block-uagb-forms-name uagb-forms-name-wrap uagb-forms-field-set uagb-block-654bcfd2\"><div class=\"uagb-forms-name-label required uagb-forms-input-label\" id=\"654bcfd2\">First Name<\/div><input type=\"text\" placeholder=\"NAME\" required class=\"uagb-forms-name-input uagb-forms-input\" name=\"654bcfd2\" autocomplete=\"given-name\"\/><\/div>\n\n<div class=\"wp-block-uagb-forms-name uagb-forms-name-wrap uagb-forms-field-set uagb-block-3ee2026d\"><div class=\"uagb-forms-name-label required uagb-forms-input-label\" id=\"3ee2026d\">Last Name<\/div><input type=\"text\" placeholder=\"Affair\" required class=\"uagb-forms-name-input uagb-forms-input\" name=\"3ee2026d\" autocomplete=\"family-name\"\/><\/div>\n\n<div class=\"wp-block-uagb-forms-email uagb-forms-email-wrap uagb-forms-field-set uagb-block-358030e8\"><div class=\"uagb-forms-email-label  uagb-forms-input-label\" id=\"358030e8\">Email<\/div><input type=\"email\" class=\"uagb-forms-email-input uagb-forms-input\" placeholder=\"Email\" name=\"358030e8\" autocomplete=\"email\"\/><\/div>\n\n<div class=\"wp-block-uagb-forms-textarea uagb-forms-textarea-wrap uagb-forms-field-set uagb-block-eb89a818\"><div class=\"uagb-forms-textarea-label required uagb-forms-input-label\" id=\"eb89a818\">Message<\/div><textarea required class=\"uagb-forms-textarea-input uagb-forms-input\" rows=\"6\" placeholder=\"Message\" name=\"eb89a818\" autocomplete=\"off\"><\/textarea><\/div><div class=\"uagb-forms-form-hidden-data\"><input type=\"hidden\" class=\"uagb_forms_form_label\" value=\"Spectra Form\"\/><input type=\"hidden\" class=\"uagb_forms_form_id\" value=\"uagb-form-f172f3f0\"\/><\/div><div class=\"uagb-form-reacaptcha-error-f172f3f0\"><\/div><div class=\"uagb-forms-main-submit-button-wrap wp-block-button\"><button class=\"uagb-forms-main-submit-button wp-block-button__link\"><div class=\"uagb-forms-main-submit-button-text\">Send<\/div><\/button><\/div><input type=\"hidden\" name=\"trp-form-language\" value=\"en\"\/><\/form><div class=\"uagb-forms-success-message-f172f3f0 uagb-forms-submit-message-hide\"><span>The form has been submitted successfully!<\/span><\/div><div class=\"uagb-forms-failed-message-f172f3f0 uagb-forms-submit-message-hide\"><span>There has been some error while submitting the form. Please verify all form fields again.<\/span><\/div><\/div><\/div><\/div><\/div>","protected":false},"excerpt":{"rendered":"<p>Cont\u00e1ctanos Escr\u00edbenos tus dudas Contacta si deseas amplia la informaci\u00f3n proporcionada o si tienes alguna duda. contacto@nursebridgeusa.com+1(941)402-7252<\/p>","protected":false},"author":1,"featured_media":0,"parent":0,"menu_order":0,"comment_status":"closed","ping_status":"closed","template":"","meta":{"_uag_custom_page_level_css":"","site-sidebar-layout":"no-sidebar","site-content-layout":"plain-container","ast-site-content-layout":"full-width-container","site-content-style":"default","site-sidebar-style":"default","ast-global-header-display":"","ast-banner-title-visibility":"","ast-main-header-display":"","ast-hfb-above-header-display":"","ast-hfb-below-header-display":"","ast-hfb-mobile-header-display":"","site-post-title":"disabled","ast-breadcrumbs-content":"","ast-featured-img":"","footer-sml-layout":"","ast-disable-related-posts":"","theme-transparent-header-meta":"enabled","adv-header-id-meta":"","stick-header-meta":"","header-above-stick-meta":"","header-main-stick-meta":"","header-below-stick-meta":"","astra-migrate-meta-layouts":"set","ast-page-background-enabled":"default","ast-page-background-meta":{"desktop":{"background-color":"","background-image":"","background-repeat":"repeat","background-position":"center center","background-size":"auto","background-attachment":"scroll","background-type":"","background-media":"","overlay-type":"","overlay-color":"","overlay-opacity":"","overlay-gradient":""},"tablet":{"background-color":"","background-image":"","background-repeat":"repeat","background-position":"center center","background-size":"auto","background-attachment":"scroll","background-type":"","background-media":"","overlay-type":"","overlay-color":"","overlay-opacity":"","overlay-gradient":""},"mobile":{"background-color":"","background-image":"","background-repeat":"repeat","background-position":"center center","background-size":"auto","background-attachment":"scroll","background-type":"","background-media":"","overlay-type":"","overlay-color":"","overlay-opacity":"","overlay-gradient":""}},"ast-content-background-meta":{"desktop":{"background-color":"var(--ast-global-color-5)","background-image":"","background-repeat":"repeat","background-position":"center center","background-size":"auto","background-attachment":"scroll","background-type":"","background-media":"","overlay-type":"","overlay-color":"","overlay-opacity":"","overlay-gradient":""},"tablet":{"background-color":"var(--ast-global-color-5)","background-image":"","background-repeat":"repeat","background-position":"center center","background-size":"auto","background-attachment":"scroll","background-type":"","background-media":"","overlay-type":"","overlay-color":"","overlay-opacity":"","overlay-gradient":""},"mobile":{"background-color":"var(--ast-global-color-5)","background-image":"","background-repeat":"repeat","background-position":"center center","background-size":"auto","background-attachment":"scroll","background-type":"","background-media":"","overlay-type":"","overlay-color":"","overlay-opacity":"","overlay-gradient":""}},"_joinchat":[],"footnotes":""},"class_list":["post-60","page","type-page","status-publish","hentry"],"uagb_featured_image_src":{"full":false,"thumbnail":false,"medium":false,"medium_large":false,"large":false,"1536x1536":false,"2048x2048":false,"trp-custom-language-flag":false,"woocommerce_thumbnail":false,"woocommerce_single":false,"woocommerce_gallery_thumbnail":false},"uagb_author_info":{"display_name":"nursebridgeusa","author_link":"https:\/\/nursebridgeusa.com\/en\/author\/nursebridgeusa\/"},"uagb_comment_info":0,"uagb_excerpt":"Cont\u00e1ctanos Escr\u00edbenos tus dudas Contacta si deseas amplia la informaci\u00f3n proporcionada o si tienes alguna duda. contacto@nursebridgeusa.com+1(941)402-7252","_links":{"self":[{"href":"https:\/\/nursebridgeusa.com\/en\/wp-json\/wp\/v2\/pages\/60"}],"collection":[{"href":"https:\/\/nursebridgeusa.com\/en\/wp-json\/wp\/v2\/pages"}],"about":[{"href":"https:\/\/nursebridgeusa.com\/en\/wp-json\/wp\/v2\/types\/page"}],"author":[{"embeddable":true,"href":"https:\/\/nursebridgeusa.com\/en\/wp-json\/wp\/v2\/users\/1"}],"replies":[{"embeddable":true,"href":"https:\/\/nursebridgeusa.com\/en\/wp-json\/wp\/v2\/comments?post=60"}],"version-history":[{"count":12,"href":"https:\/\/nursebridgeusa.com\/en\/wp-json\/wp\/v2\/pages\/60\/revisions"}],"predecessor-version":[{"id":3179,"href":"https:\/\/nursebridgeusa.com\/en\/wp-json\/wp\/v2\/pages\/60\/revisions\/3179"}],"wp:attachment":[{"href":"https:\/\/nursebridgeusa.com\/en\/wp-json\/wp\/v2\/media?parent=60"}],"curies":[{"name":"wp","href":"https:\/\/api.w.org\/{rel}","templated":true}]}}